{"id":90,"date":"2022-04-28T13:22:27","date_gmt":"2022-04-28T13:22:27","guid":{"rendered":"https:\/\/petankki.com\/?page_id=90"},"modified":"2022-04-29T07:29:39","modified_gmt":"2022-04-29T07:29:39","slug":"valmennus","status":"publish","type":"page","link":"https:\/\/petankki.com\/index.php\/valmennus\/","title":{"rendered":"Onko valmennuksella merkityst\u00e4"},"content":{"rendered":"\n<figure class=\"wp-block-image size-full\"><img loading=\"lazy\" decoding=\"async\" width=\"236\" height=\"236\" src=\"https:\/\/petankki.com\/wp-content\/uploads\/2022\/04\/SPK-logo-tekstilla-1.jpg\" alt=\"\" class=\"wp-image-136\" srcset=\"https:\/\/petankki.com\/wp-content\/uploads\/2022\/04\/SPK-logo-tekstilla-1.jpg 236w, https:\/\/petankki.com\/wp-content\/uploads\/2022\/04\/SPK-logo-tekstilla-1-150x150.jpg 150w, https:\/\/petankki.com\/wp-content\/uploads\/2022\/04\/SPK-logo-tekstilla-1-100x100.jpg 100w\" sizes=\"auto, (max-width: 236px) 100vw, 236px\" \/><\/figure>\n\n\n\n<p><\/p>\n\n\n\n<p>MUUTAMAN SEKUNNIN T\u00c4HDEN<\/p>\n\n\n\n<p>Onko valmennuksella merkityst\u00e4?<\/p>\n\n\n\n<p>Lajissamme on ollut vallalla k\u00e4sitys, ett\u00e4 ainoastaan paljon pelaamalla tullaan mestareiksi. Petanque heitto \u2013 kuula l\u00e4htee k\u00e4dest\u00e4 \u2013 on suorite,&nbsp; jonka ajatellaan olevan niin helppoa ja vaivatonta, ettei siin\u00e4 tarvitse sen enemp\u00e4\u00e4 valmennusta.<\/p>\n\n\n\n<p>Yh\u00e4 useammassa maassa uskotaan kuitenkin valmennuksen rooliin. Henkil\u00f6kohtaisten harjoitteitten tekemisell\u00e4 ja lukemattomilla toistoilla kasvatetaan rutiinia kilpailutilanteeseen. Rutiinisuoritteella tehd\u00e4\u00e4n tulosta my\u00f6s paineen alla ja v\u00e4syneen\u00e4.<\/p>\n\n\n\n<p>Tosiasiassa onnistunut heitto on tarkkaan m\u00e4\u00e4ritelty koko tekniselt\u00e4 suoritteeltaan, ja siin\u00e4 onnistuminen ja onnistuneitten heittojen jatkuva toistaminen haastavissa olosuhteissa on ison ty\u00f6n takana.<\/p>\n\n\n\n<p>Toiset kent\u00e4t sallivat asetuksessa matalia heittoja, toisiin on pystytt\u00e4v\u00e4 nostamaan. Toiset kent\u00e4t sallivat eteen ampumisen, toisilla on osuttava vain ja ainoastaan suoraan kuulaan.  Joskus pit\u00e4\u00e4 pysty\u00e4 poistamaan ammunnalla kuula aivan toisen kuulan takaa. Jotta kehittyy monipuoliseksi heitt\u00e4j\u00e4ksi, on opittava valikoima heittotapoja, jotka sallivat hyvin erityyppisill\u00e4 kentill\u00e4 pelaamisen.&nbsp; Monitaitoisuus erilaisilla alustoilla pelaamiseen vaatii valtavan m\u00e4\u00e4r\u00e4n ty\u00f6t\u00e4. Jos alun alkaen oppii sellaisen heittotekniikan joka on mukautettavissa erilaisiin alustoihin ollaan oikealla tiell\u00e4, jos t\u00e4hd\u00e4t\u00e4\u00e4n kehittyneeksi kv tason pelaajaksi.<\/p>\n\n\n\n<p>Meill\u00e4 on runsas m\u00e4\u00e4r\u00e4 pelaajia,&nbsp; jotka ovat oppineet tyylipuhtaan heiton katselemalla kansainv\u00e4listen huippujen pelej\u00e4 ja pelaamista. T\u00e4m\u00e4 ei kuitenkaan toimi kaikilla. Kaikilla ei ole kyky\u00e4 muodostaa ja muokata omaa heittoaan vain katselemalla toisten hyvi\u00e4 suorituksia.<\/p>\n\n\n\n<p>Meill\u00e4 on my\u00f6s runsas m\u00e4\u00e4r\u00e4 pelaajia, jotka eiv\u00e4t tied\u00e4 mit\u00e4 asioita&nbsp; tekev\u00e4t oikein, ja heittojen ep\u00e4onnistuttua l\u00e4htev\u00e4t korjaamaan pahimmillaan juuri niit\u00e4 oikeita asioita ja voivat n\u00e4in joutua hakoteille. Pelaajien kehittyminen yrityksen ja erehdyksen kautta on my\u00f6s hyvin hidasta.<\/p>\n\n\n\n<p>Monella pelaajalla pelaaminen voisi yhdenkin pienen oivalluksen kautta kehitty\u00e4 valtavasti. Apuna voi usein ollakin ulkopuolinen arvioitsija, joka pystyy ohjaamaan oikeaan suuntaan.<\/p>\n\n\n\n<p>Monilla varsinkin nuorilla heitto l\u00e4htee tarkentumaan&nbsp; heid\u00e4n l\u00e4hipiirilt\u00e4\u00e4n saamista ohjeista tai l\u00e4hipiirien hankkimasta ulkopuolisesta valmennuksesta.<\/p>\n\n\n\n<p>T\u00e4h\u00e4n kuten muihinkin lajeihin liittyy useita itse heittosuoritukseen liittyvi\u00e4 lainalaisuuksia. Tekij\u00f6it\u00e4, joita l\u00f6ytyy kaikilta heitt\u00e4jilt\u00e4, vaikka usein jokaisen heitto n\u00e4ytt\u00e4\u00e4 erilaiselta. N\u00e4itten lainalaisuuksien hahmottaminen&nbsp; on t\u00e4rke\u00e4t\u00e4. Niiden tiedostaminen ja vaikutus heittoon on t\u00e4rke\u00e4t\u00e4 hahmottaa, jotta omaa heittoa onnistuu kehitt\u00e4m\u00e4\u00e4n ja sen j\u00e4lkeen voi l\u00e4hte\u00e4 synnytt\u00e4m\u00e4\u00e4n rutiinia harjoitusten toistoilla.<\/p>\n\n\n\n<p>Kaiken kaikkiaan valmentautuminen on monipuolinen tapahtuma. Valmentaminen on vuorovaikutussuhde, jossa valmennettava&nbsp; ja valmentaja yritt\u00e4v\u00e4t yhdess\u00e4 l\u00f6yt\u00e4\u00e4 oikean tien pelaajan kehitt\u00e4miseksi.<\/p>\n\n\n\n<p>Karrikoiden sanotaan, ett\u00e4&nbsp; petanquessa on kolme osa-aluetta joita voi kehitt\u00e4\u00e4: asetus, ammunta ja taktiikka. Lis\u00e4ksi tarkkuuslajiimme liittyy pitkien pelip\u00e4ivien vaatima kest\u00e4vyys, oman kehon huolto pitk\u00e4n pelip\u00e4iv\u00e4n aikana mahdollisesti hyvinkin haastavissa olosuhteissa (kuuma, kylm\u00e4, aurinko) sek\u00e4 erityisen voimakkaasti mentaaliset tekij\u00e4t.<\/p>\n\n\n\n<p>Ja kaikki ty\u00f6 t\u00e4ht\u00e4\u00e4 jokaisen yksitt\u00e4isen muutaman sekunnin mittaisen suoritteen onnistumiseen tarkoitetulla tavalla. Silloin pit\u00e4\u00e4 olla kaikki kunnossa. Yksi onnistunut kuula voi muuttaa pelin. Yksi onnistunut kuula enemm\u00e4n kullakin pelikierroksella&nbsp; on paljon.<\/p>\n\n\n\n<p>Valmennusta on monta eri tasoa ja moneen eri asiaan puuttuvaa. Ammattitaitoisella&nbsp; toiminnalla valmennuksesta ei voi olla muuta kuin apua.<\/p>\n\n\n\n<p>Hienoa on ollut huomata, ett\u00e4 useassa seurassa on valmennus otettu&nbsp; t\u00e4rke\u00e4ksi tekij\u00e4ksi. Itse asiassa lajin paras&nbsp; tervetulotoivotus uusille pelaajille olisi&nbsp; nimenomaan pelis\u00e4\u00e4nt\u00f6jen lis\u00e4ksi ohjata heittotekniikkaan liittyvi\u00e4 asioita.<\/p>\n\n\n\n<p>TERVETULOA LAJIN PARIIN \u2013 n\u00e4in se heitto kulkee.<\/p>\n","protected":false},"excerpt":{"rendered":"<p>MUUTAMAN SEKUNNIN T\u00c4HDEN Onko valmennuksella merkityst\u00e4? Lajissamme on ollut vallalla k\u00e4sitys, ett\u00e4 ainoastaan paljon pelaamalla tullaan mestareiksi. Petanque heitto \u2013 kuula l\u00e4htee k\u00e4dest\u00e4 \u2013 on suorite,&nbsp; jonka ajatellaan olevan niin helppoa ja vaivatonta, ettei siin\u00e4 tarvitse sen enemp\u00e4\u00e4 valmennusta. Yh\u00e4 useammassa maassa uskotaan kuitenkin valmennuksen rooliin. Henkil\u00f6kohtaisten harjoitteitten tekemisell\u00e4 ja lukemattomilla toistoilla kasvatetaan rutiinia kilpailutilanteeseen. &hellip; <\/p>\n<p class=\"link-more\"><a href=\"https:\/\/petankki.com\/index.php\/valmennus\/\" class=\"more-link\">Continue reading<span class=\"screen-reader-text\"> &#8220;Onko valmennuksella merkityst\u00e4&#8221;<\/span><\/a><\/p>\n","protected":false},"author":1,"featured_media":0,"parent":0,"menu_order":0,"comment_status":"closed","ping_status":"closed","template":"","meta":{"footnotes":""},"class_list":["post-90","page","type-page","status-publish","hentry"],"_links":{"self":[{"href":"https:\/\/petankki.com\/index.php\/wp-json\/wp\/v2\/pages\/90","targetHints":{"allow":["GET"]}}],"collection":[{"href":"https:\/\/petankki.com\/index.php\/wp-json\/wp\/v2\/pages"}],"about":[{"href":"https:\/\/petankki.com\/index.php\/wp-json\/wp\/v2\/types\/page"}],"author":[{"embeddable":true,"href":"https:\/\/petankki.com\/index.php\/wp-json\/wp\/v2\/users\/1"}],"replies":[{"embeddable":true,"href":"https:\/\/petankki.com\/index.php\/wp-json\/wp\/v2\/comments?post=90"}],"version-history":[{"count":6,"href":"https:\/\/petankki.com\/index.php\/wp-json\/wp\/v2\/pages\/90\/revisions"}],"predecessor-version":[{"id":159,"href":"https:\/\/petankki.com\/index.php\/wp-json\/wp\/v2\/pages\/90\/revisions\/159"}],"wp:attachment":[{"href":"https:\/\/petankki.com\/index.php\/wp-json\/wp\/v2\/media?parent=90"}],"curies":[{"name":"wp","href":"https:\/\/api.w.org\/{rel}","templated":true}]}}