{"id":224,"date":"2024-06-18T09:51:05","date_gmt":"2024-06-18T09:51:05","guid":{"rendered":"https:\/\/petankki.com\/?page_id=224"},"modified":"2024-06-18T10:07:02","modified_gmt":"2024-06-18T10:07:02","slug":"224-2","status":"publish","type":"page","link":"https:\/\/petankki.com\/index.php\/224-2\/","title":{"rendered":"Pelin s\u00e4\u00e4nn\u00f6t"},"content":{"rendered":"\n<p><\/p>\n\n\n\n<p><strong>PETANQUE PELIN S\u00c4\u00c4NN\u00d6T<\/strong> (yksinkertaistetut tiivistelm\u00e4n\u00e4).<\/p>\n\n\n\n<p><strong>1. Peli\u00e4 pelataan kahdella 1-3 henkisell\u00e4 joukkueella. Kullakin pelaajalla on 1- ja 2-hengen joukkueissa 3 kuulaa ja 3 hengen joukkueessa 2 kuulaa.<\/strong><\/p>\n\n\n\n<p><strong>2. Metallisten kuulien l\u00e4pimitta on 7,05-8 cm ja paino 650-800 g. Puisen maalipallon halkaisija on <\/strong><strong>3<\/strong><strong>cm.<\/strong><\/p>\n\n\n\n<p><strong>3.&nbsp; Pelialusta voi olla millainen tahansa. Suositeltavin on melko tasainen sorakentt\u00e4. Mik\u00e4li alue on rajattu niin, ett\u00e4 rajat toimivat kuolemanrajoina olisi sen virallisesti oltava mitoiltaan 15 x 4 m<\/strong><strong><sup>2<\/sup><\/strong><strong>. Pienempikin alue esim. 10 x 2 m<\/strong><strong><sup>2<\/sup><\/strong><strong> riitt\u00e4\u00e4 hyvin pelaamiseen.<\/strong><\/p>\n\n\n\n<p><strong>4. Aloittava joukkue valitaan arvalla, mink\u00e4 j\u00e4lkeen aloittaja piirt\u00e4\u00e4 aloituskohtaan ympyr\u00e4n halkaisijaltaan 50 cm.<\/strong><\/p>\n\n\n\n<p><strong>5.Aloitusjoukkueen joku j\u00e4sen heitt\u00e4\u00e4 maalipallon 6-10m p\u00e4\u00e4h\u00e4n ympyr\u00e4st\u00e4. <\/strong><strong><\/strong><\/p>\n\n\n\n<p><strong>6. Seuraavaksi aloitusjoukkue heitt\u00e4\u00e4 ensimm\u00e4isen kuulansa yritt\u00e4en saada sen mahdollisimman l\u00e4helle maalipalloa. Kuula saa my\u00f6s osua maalipalloon. Heitt\u00e4j\u00e4n on seist\u00e4v\u00e4 ympyr\u00e4n sis\u00e4ll\u00e4 molemmat jalat maassa kunnes kuula on koskettanut maata.<\/strong><\/p>\n\n\n\n<p><strong>7.<\/strong><strong> <\/strong><strong>Seuraavaksi heittt\u00e4\u00e4 vastapuolen joukkueen joku pelaaja yritt\u00e4en saada oman kuulansa maalipalloon n\u00e4hden l\u00e4hemm\u00e4ksi kuin jo kent\u00e4ll\u00e4 oleva toisen joukkueen kuula. kuulat saavat osua toisiinsa, joten heitt\u00e4j\u00e4 voi my\u00f6s kilkata vastapuolen kuulan kauemmaksi maalipallosta. L\u00e4himp\u00e4n\u00e4 maalipalloa oleva kuula johtaa peli\u00e4.<\/strong><\/p>\n\n\n\n<p><strong>8.<\/strong><strong> <\/strong><strong>Jos toisena heitt\u00e4v\u00e4 joukkue ei saa kuulaansa l\u00e4hemm\u00e4ksi kuin aloittajajoukkueen kuula, joukkueen joku j\u00e4sen heitt\u00e4\u00e4 seuraavan kuulan. Heittovuoro siirtyy aloittajajoukkueelle vasta sitten kun toisena heitt\u00e4v\u00e4 joukkue on saanut yhden kuulansa maalipalloon n\u00e4hden l\u00e4hemm\u00e4ksi kuin aloittajajoukkueen kuula tai kun toisena heittav\u00e4 joukkue on k\u00e4ytt\u00e4nyt kaikki kuulansa. Toisin sanoen heittovuorossa on aina se joukkue, jonka paras kuula on maalipalloon n\u00e4hden kauempana kuin vastapuolen paras kuula.<\/strong><\/p>\n\n\n\n<p><strong>9.<\/strong><strong> <\/strong><strong>Kun molemmat joukkueet ovat heitt\u00e4neet kaikki kuulansa lasketaan pisteet. Se joukkue. jonka yksikin kuula on maalipalloon n\u00e4hden l\u00e4hemp\u00e4n\u00e4 kuin vastapuolen paras kuula on kierroksen voittaja ja saa niin monta pistett\u00e4 kuin sill\u00e4 on kuulia l\u00e4hemp\u00e4n\u00e4 maalipalloa kuin vastapuolen paras kuula.<\/strong><\/p>\n\n\n\n<p><strong>10. Kierroksen voittajajoukkue aloittaa seuraavan kierroksen silt\u00e4 paikalta. mihin edellinen Kierros pa\u00e4ttyi. Peli jatkuu niin kauan kunnes toinen joukkue saa 13 pistett\u00e4 ja voittaa<\/strong>.<\/p>\n\n\n\n<figure class=\"wp-block-image size-full\"><img loading=\"lazy\" decoding=\"async\" width=\"874\" height=\"620\" src=\"https:\/\/petankki.com\/wp-content\/uploads\/2022\/04\/Snadi-mainos-140422-1.jpg\" alt=\"\" class=\"wp-image-57\" srcset=\"https:\/\/petankki.com\/wp-content\/uploads\/2022\/04\/Snadi-mainos-140422-1.jpg 874w, https:\/\/petankki.com\/wp-content\/uploads\/2022\/04\/Snadi-mainos-140422-1-300x213.jpg 300w, https:\/\/petankki.com\/wp-content\/uploads\/2022\/04\/Snadi-mainos-140422-1-768x545.jpg 768w\" sizes=\"auto, (max-width: 767px) 89vw, (max-width: 1000px) 54vw, (max-width: 1071px) 543px, 580px\" \/><\/figure>\n","protected":false},"excerpt":{"rendered":"<p>PETANQUE PELIN S\u00c4\u00c4NN\u00d6T (yksinkertaistetut tiivistelm\u00e4n\u00e4). 1. Peli\u00e4 pelataan kahdella 1-3 henkisell\u00e4 joukkueella. Kullakin pelaajalla on 1- ja 2-hengen joukkueissa 3 kuulaa ja 3 hengen joukkueessa 2 kuulaa. 2. Metallisten kuulien l\u00e4pimitta on 7,05-8 cm ja paino 650-800 g. Puisen maalipallon halkaisija on 3cm. 3.&nbsp; Pelialusta voi olla millainen tahansa. Suositeltavin on melko tasainen sorakentt\u00e4. Mik\u00e4li &hellip; <\/p>\n<p class=\"link-more\"><a href=\"https:\/\/petankki.com\/index.php\/224-2\/\" class=\"more-link\">Continue reading<span class=\"screen-reader-text\"> &#8220;Pelin s\u00e4\u00e4nn\u00f6t&#8221;<\/span><\/a><\/p>\n","protected":false},"author":1,"featured_media":0,"parent":0,"menu_order":0,"comment_status":"closed","ping_status":"closed","template":"","meta":{"footnotes":""},"class_list":["post-224","page","type-page","status-publish","hentry"],"_links":{"self":[{"href":"https:\/\/petankki.com\/index.php\/wp-json\/wp\/v2\/pages\/224","targetHints":{"allow":["GET"]}}],"collection":[{"href":"https:\/\/petankki.com\/index.php\/wp-json\/wp\/v2\/pages"}],"about":[{"href":"https:\/\/petankki.com\/index.php\/wp-json\/wp\/v2\/types\/page"}],"author":[{"embeddable":true,"href":"https:\/\/petankki.com\/index.php\/wp-json\/wp\/v2\/users\/1"}],"replies":[{"embeddable":true,"href":"https:\/\/petankki.com\/index.php\/wp-json\/wp\/v2\/comments?post=224"}],"version-history":[{"count":5,"href":"https:\/\/petankki.com\/index.php\/wp-json\/wp\/v2\/pages\/224\/revisions"}],"predecessor-version":[{"id":232,"href":"https:\/\/petankki.com\/index.php\/wp-json\/wp\/v2\/pages\/224\/revisions\/232"}],"wp:attachment":[{"href":"https:\/\/petankki.com\/index.php\/wp-json\/wp\/v2\/media?parent=224"}],"curies":[{"name":"wp","href":"https:\/\/api.w.org\/{rel}","templated":true}]}}