{"id":207,"date":"2024-03-15T10:26:26","date_gmt":"2024-03-15T10:26:26","guid":{"rendered":"https:\/\/petankki.com\/?page_id=207"},"modified":"2024-03-15T10:27:20","modified_gmt":"2024-03-15T10:27:20","slug":"tarvittavat-valineet-joilla-paasee-alkuun","status":"publish","type":"page","link":"https:\/\/petankki.com\/index.php\/tarvittavat-valineet-joilla-paasee-alkuun\/","title":{"rendered":"Tarvittavat v\u00e4lineet, joilla p\u00e4\u00e4see alkuun"},"content":{"rendered":"\n<p><\/p>\n\n\n\n<p>*Kuulasetti, johon kuuluu henkil\u00f6kohtaiset 3 kuulaa<\/p>\n\n\n\n<p>*Snadi eli maalipallo<\/p>\n\n\n\n<p>*Kuulakassi, miss\u00e4 kuljettaa kuulat<\/p>\n\n\n\n<p><strong>Hyv\u00e4 olla my\u00f6s:<\/strong><\/p>\n\n\n\n<p>*Mitta <\/p>\n\n\n\n<p>*Pyyhinliina,  kuulien puhdistamiseen<\/p>\n\n\n\n<p>*Heittorinki<\/p>\n\n\n\n<p><\/p>\n\n\n\n<figure class=\"wp-block-image\"><img loading=\"lazy\" decoding=\"async\" width=\"2560\" height=\"1707\" src=\"https:\/\/petankki.com\/wp-content\/uploads\/2024\/03\/Starter-kit-1-scaled.jpg\" alt=\"\" class=\"wp-image-209\" srcset=\"https:\/\/petankki.com\/wp-content\/uploads\/2024\/03\/Starter-kit-1-scaled.jpg 2560w, https:\/\/petankki.com\/wp-content\/uploads\/2024\/03\/Starter-kit-1-300x200.jpg 300w, https:\/\/petankki.com\/wp-content\/uploads\/2024\/03\/Starter-kit-1-1024x683.jpg 1024w, https:\/\/petankki.com\/wp-content\/uploads\/2024\/03\/Starter-kit-1-768x512.jpg 768w, https:\/\/petankki.com\/wp-content\/uploads\/2024\/03\/Starter-kit-1-1536x1024.jpg 1536w, https:\/\/petankki.com\/wp-content\/uploads\/2024\/03\/Starter-kit-1-2048x1365.jpg 2048w\" sizes=\"auto, (max-width: 767px) 89vw, (max-width: 1000px) 54vw, (max-width: 1071px) 543px, 580px\" \/><\/figure>\n\n\n\n<p><\/p>\n\n\n\n<p><\/p>\n","protected":false},"excerpt":{"rendered":"<p>*Kuulasetti, johon kuuluu henkil\u00f6kohtaiset 3 kuulaa *Snadi eli maalipallo *Kuulakassi, miss\u00e4 kuljettaa kuulat Hyv\u00e4 olla my\u00f6s: *Mitta *Pyyhinliina, kuulien puhdistamiseen *Heittorinki<\/p>\n","protected":false},"author":1,"featured_media":0,"parent":0,"menu_order":0,"comment_status":"closed","ping_status":"closed","template":"","meta":{"footnotes":""},"class_list":["post-207","page","type-page","status-publish","hentry"],"_links":{"self":[{"href":"https:\/\/petankki.com\/index.php\/wp-json\/wp\/v2\/pages\/207","targetHints":{"allow":["GET"]}}],"collection":[{"href":"https:\/\/petankki.com\/index.php\/wp-json\/wp\/v2\/pages"}],"about":[{"href":"https:\/\/petankki.com\/index.php\/wp-json\/wp\/v2\/types\/page"}],"author":[{"embeddable":true,"href":"https:\/\/petankki.com\/index.php\/wp-json\/wp\/v2\/users\/1"}],"replies":[{"embeddable":true,"href":"https:\/\/petankki.com\/index.php\/wp-json\/wp\/v2\/comments?post=207"}],"version-history":[{"count":4,"href":"https:\/\/petankki.com\/index.php\/wp-json\/wp\/v2\/pages\/207\/revisions"}],"predecessor-version":[{"id":214,"href":"https:\/\/petankki.com\/index.php\/wp-json\/wp\/v2\/pages\/207\/revisions\/214"}],"wp:attachment":[{"href":"https:\/\/petankki.com\/index.php\/wp-json\/wp\/v2\/media?parent=207"}],"curies":[{"name":"wp","href":"https:\/\/api.w.org\/{rel}","templated":true}]}}