{"id":179,"date":"2023-03-27T09:25:12","date_gmt":"2023-03-27T09:25:12","guid":{"rendered":"https:\/\/petankki.com\/?page_id=179"},"modified":"2025-01-14T20:15:28","modified_gmt":"2025-01-14T20:15:28","slug":"__trashed","status":"publish","type":"page","link":"https:\/\/petankki.com\/index.php\/__trashed\/","title":{"rendered":"UUTUUS !   Pehmokuulat ja v\u00e4lineet sis\u00e4pelaamiseen. (Boccia ja petankki)"},"content":{"rendered":"\n<figure class=\"wp-block-image size-large\"><img loading=\"lazy\" decoding=\"async\" width=\"1024\" height=\"1024\" src=\"https:\/\/petankki.com\/wp-content\/uploads\/2023\/03\/Pehmot-1024x1024.png\" alt=\"\" class=\"wp-image-183\" srcset=\"https:\/\/petankki.com\/wp-content\/uploads\/2023\/03\/Pehmot.png 1024w, https:\/\/petankki.com\/wp-content\/uploads\/2023\/03\/Pehmot-300x300.png 300w, https:\/\/petankki.com\/wp-content\/uploads\/2023\/03\/Pehmot-150x150.png 150w, https:\/\/petankki.com\/wp-content\/uploads\/2023\/03\/Pehmot-768x768.png 768w, https:\/\/petankki.com\/wp-content\/uploads\/2023\/03\/Pehmot-100x100.png 100w\" sizes=\"auto, (max-width: 767px) 89vw, (max-width: 1000px) 54vw, (max-width: 1071px) 543px, 580px\" \/><\/figure>\n\n\n\n<p><\/p>\n\n\n\n<p>&#8220;Kuulat&#8221; ovat sopivat kaikille alustoille pelaamiseen mutta ennenkaikkea tehty sis\u00e4pelaamiseen. Myyd\u00e4\u00e4n kolmen kappaleen paketeissa, harmaina tai mustina.  Tulossa noin maaliskuussa my\u00f6s kaksi uutta v\u00e4ri\u00e4: siniset ja punaiset. Yhden &#8220;kuulan&#8221; paino on n. 680g. Rakenteeltaan pehme\u00e4t. Sopii siis kaikille alustoille ja antaa &#8220;oikean&#8221; pelin vaikutelman.<\/p>\n\n\n\n<p>Niit\u00e4 voi ostaa sopivan satsin riippuen siit\u00e4 millaista peli\u00e4 pelaa. Yhden sastin mukana tulee 3 &#8220;kuulaa&#8221;, snadi, kassi kuulille.<\/p>\n\n\n\n<figure class=\"wp-block-image size-large\"><img loading=\"lazy\" decoding=\"async\" width=\"1024\" height=\"1024\" src=\"https:\/\/petankki.com\/wp-content\/uploads\/2023\/03\/OBUT-sisapelikuulat-1024x1024.jpg\" alt=\"\" class=\"wp-image-180\" srcset=\"https:\/\/petankki.com\/wp-content\/uploads\/2023\/03\/OBUT-sisapelikuulat-1024x1024.jpg 1024w, https:\/\/petankki.com\/wp-content\/uploads\/2023\/03\/OBUT-sisapelikuulat-300x300.jpg 300w, https:\/\/petankki.com\/wp-content\/uploads\/2023\/03\/OBUT-sisapelikuulat-150x150.jpg 150w, https:\/\/petankki.com\/wp-content\/uploads\/2023\/03\/OBUT-sisapelikuulat-768x768.jpg 768w, https:\/\/petankki.com\/wp-content\/uploads\/2023\/03\/OBUT-sisapelikuulat-1536x1536.jpg 1536w, https:\/\/petankki.com\/wp-content\/uploads\/2023\/03\/OBUT-sisapelikuulat.jpg 2048w, https:\/\/petankki.com\/wp-content\/uploads\/2023\/03\/OBUT-sisapelikuulat-100x100.jpg 100w\" sizes=\"auto, (max-width: 767px) 89vw, (max-width: 1000px) 54vw, (max-width: 1071px) 543px, 580px\" \/><\/figure>\n\n\n\n<p>Snadista l\u00f6ytyy my\u00f6s heittorenkaita (kiinte\u00e4, kokootaitettava ja kuminauha versio. Sek\u00e4, noin 3cm halkaisjaltaan oleva keinonahkainen maalipallo eli snadi.<\/p>\n\n\n\n<figure class=\"wp-block-image size-large\"><img loading=\"lazy\" decoding=\"async\" width=\"1024\" height=\"1016\" src=\"https:\/\/petankki.com\/wp-content\/uploads\/2024\/09\/Sisapelirenkaat-1024x1016.jpg\" alt=\"\" class=\"wp-image-238\" srcset=\"https:\/\/petankki.com\/wp-content\/uploads\/2024\/09\/Sisapelirenkaat-1024x1016.jpg 1024w, https:\/\/petankki.com\/wp-content\/uploads\/2024\/09\/Sisapelirenkaat-300x298.jpg 300w, https:\/\/petankki.com\/wp-content\/uploads\/2024\/09\/Sisapelirenkaat-150x150.jpg 150w, https:\/\/petankki.com\/wp-content\/uploads\/2024\/09\/Sisapelirenkaat-768x762.jpg 768w, https:\/\/petankki.com\/wp-content\/uploads\/2024\/09\/Sisapelirenkaat-1536x1524.jpg 1536w, https:\/\/petankki.com\/wp-content\/uploads\/2024\/09\/Sisapelirenkaat-2048x2032.jpg 2048w, https:\/\/petankki.com\/wp-content\/uploads\/2024\/09\/Sisapelirenkaat-100x100.jpg 100w\" sizes=\"auto, (max-width: 767px) 89vw, (max-width: 1000px) 54vw, (max-width: 1071px) 543px, 580px\" \/><\/figure>\n","protected":false},"excerpt":{"rendered":"<p>&#8220;Kuulat&#8221; ovat sopivat kaikille alustoille pelaamiseen mutta ennenkaikkea tehty sis\u00e4pelaamiseen. Myyd\u00e4\u00e4n kolmen kappaleen paketeissa, harmaina tai mustina. Tulossa noin maaliskuussa my\u00f6s kaksi uutta v\u00e4ri\u00e4: siniset ja punaiset. Yhden &#8220;kuulan&#8221; paino on n. 680g. Rakenteeltaan pehme\u00e4t. Sopii siis kaikille alustoille ja antaa &#8220;oikean&#8221; pelin vaikutelman. Niit\u00e4 voi ostaa sopivan satsin riippuen siit\u00e4 millaista peli\u00e4 pelaa. Yhden &hellip; <\/p>\n<p class=\"link-more\"><a href=\"https:\/\/petankki.com\/index.php\/__trashed\/\" class=\"more-link\">Continue reading<span class=\"screen-reader-text\"> &#8220;UUTUUS !   Pehmokuulat ja v\u00e4lineet sis\u00e4pelaamiseen. (Boccia ja petankki)&#8221;<\/span><\/a><\/p>\n","protected":false},"author":1,"featured_media":0,"parent":0,"menu_order":0,"comment_status":"closed","ping_status":"closed","template":"","meta":{"footnotes":""},"class_list":["post-179","page","type-page","status-publish","hentry"],"_links":{"self":[{"href":"https:\/\/petankki.com\/index.php\/wp-json\/wp\/v2\/pages\/179","targetHints":{"allow":["GET"]}}],"collection":[{"href":"https:\/\/petankki.com\/index.php\/wp-json\/wp\/v2\/pages"}],"about":[{"href":"https:\/\/petankki.com\/index.php\/wp-json\/wp\/v2\/types\/page"}],"author":[{"embeddable":true,"href":"https:\/\/petankki.com\/index.php\/wp-json\/wp\/v2\/users\/1"}],"replies":[{"embeddable":true,"href":"https:\/\/petankki.com\/index.php\/wp-json\/wp\/v2\/comments?post=179"}],"version-history":[{"count":13,"href":"https:\/\/petankki.com\/index.php\/wp-json\/wp\/v2\/pages\/179\/revisions"}],"predecessor-version":[{"id":258,"href":"https:\/\/petankki.com\/index.php\/wp-json\/wp\/v2\/pages\/179\/revisions\/258"}],"wp:attachment":[{"href":"https:\/\/petankki.com\/index.php\/wp-json\/wp\/v2\/media?parent=179"}],"curies":[{"name":"wp","href":"https:\/\/api.w.org\/{rel}","templated":true}]}}