{"id":171,"date":"2023-01-27T07:56:39","date_gmt":"2023-01-27T07:56:39","guid":{"rendered":"https:\/\/petankki.com\/?page_id=171"},"modified":"2023-01-27T08:06:20","modified_gmt":"2023-01-27T08:06:20","slug":"kuulakoko","status":"publish","type":"page","link":"https:\/\/petankki.com\/index.php\/kuulakoko\/","title":{"rendered":"Kuulakoko"},"content":{"rendered":"\n<p>T\u00e4rkein ominaisuus kuulalla on, ett\u00e4 se sopii oikein heitt\u00e4j\u00e4n k\u00e4teen.  Hieman voi kuulakoko n\u00e4ist\u00e4kin suuntaa antavista vaihdella riippuen hieman pelaajan k\u00e4ytt\u00e4m\u00e4st\u00e4 heittotekniikasta.<\/p>\n\n\n\n<p>Ranskassa k\u00e4ytetty sanonta on, ett\u00e4 &#8220;ampujalla on yleens\u00e4 hieman isompi kuula kuin asettajalla&#8221;. Tosin matalaa rullaavaa heittoa heitt\u00e4v\u00e4 pelaaja  voi k\u00e4ytt\u00e4\u00e4 isompaa kuulaa, mutta  jos pyrkii heitt\u00e4m\u00e4\u00e4n korkeampaa tai puolikorkeaa heittoa niin pienempi kuula on hallittavampi.  <\/p>\n\n\n\n<p>Kuulakoon t\u00e4ytyy olla oikea suhteessa k\u00e4den kokoon. <\/p>\n\n\n\n<p>Perusperiaate on, ett\u00e4 kuulan pit\u00e4\u00e4 l\u00e4hte\u00e4 k\u00e4dest\u00e4 hallitusti . <\/p>\n\n\n\n<p><\/p>\n\n\n\n<figure class=\"wp-block-image size-large\"><img loading=\"lazy\" decoding=\"async\" width=\"1024\" height=\"682\" src=\"https:\/\/petankki.com\/wp-content\/uploads\/2023\/01\/kaavio-oikeasta-kuulakoosta-270123-1024x682.jpg\" alt=\"\" class=\"wp-image-172\" srcset=\"https:\/\/petankki.com\/wp-content\/uploads\/2023\/01\/kaavio-oikeasta-kuulakoosta-270123-1024x682.jpg 1024w, https:\/\/petankki.com\/wp-content\/uploads\/2023\/01\/kaavio-oikeasta-kuulakoosta-270123-300x200.jpg 300w, https:\/\/petankki.com\/wp-content\/uploads\/2023\/01\/kaavio-oikeasta-kuulakoosta-270123-768x511.jpg 768w, https:\/\/petankki.com\/wp-content\/uploads\/2023\/01\/kaavio-oikeasta-kuulakoosta-270123-1536x1022.jpg 1536w, https:\/\/petankki.com\/wp-content\/uploads\/2023\/01\/kaavio-oikeasta-kuulakoosta-270123-2048x1363.jpg 2048w\" sizes=\"auto, (max-width: 767px) 89vw, (max-width: 1000px) 54vw, (max-width: 1071px) 543px, 580px\" \/><\/figure>\n","protected":false},"excerpt":{"rendered":"<p>T\u00e4rkein ominaisuus kuulalla on, ett\u00e4 se sopii oikein heitt\u00e4j\u00e4n k\u00e4teen. Hieman voi kuulakoko n\u00e4ist\u00e4kin suuntaa antavista vaihdella riippuen hieman pelaajan k\u00e4ytt\u00e4m\u00e4st\u00e4 heittotekniikasta. Ranskassa k\u00e4ytetty sanonta on, ett\u00e4 &#8220;ampujalla on yleens\u00e4 hieman isompi kuula kuin asettajalla&#8221;. Tosin matalaa rullaavaa heittoa heitt\u00e4v\u00e4 pelaaja voi k\u00e4ytt\u00e4\u00e4 isompaa kuulaa, mutta jos pyrkii heitt\u00e4m\u00e4\u00e4n korkeampaa tai puolikorkeaa heittoa niin pienempi &hellip; <\/p>\n<p class=\"link-more\"><a href=\"https:\/\/petankki.com\/index.php\/kuulakoko\/\" class=\"more-link\">Continue reading<span class=\"screen-reader-text\"> &#8220;Kuulakoko&#8221;<\/span><\/a><\/p>\n","protected":false},"author":1,"featured_media":0,"parent":0,"menu_order":0,"comment_status":"closed","ping_status":"closed","template":"","meta":{"footnotes":""},"class_list":["post-171","page","type-page","status-publish","hentry"],"_links":{"self":[{"href":"https:\/\/petankki.com\/index.php\/wp-json\/wp\/v2\/pages\/171","targetHints":{"allow":["GET"]}}],"collection":[{"href":"https:\/\/petankki.com\/index.php\/wp-json\/wp\/v2\/pages"}],"about":[{"href":"https:\/\/petankki.com\/index.php\/wp-json\/wp\/v2\/types\/page"}],"author":[{"embeddable":true,"href":"https:\/\/petankki.com\/index.php\/wp-json\/wp\/v2\/users\/1"}],"replies":[{"embeddable":true,"href":"https:\/\/petankki.com\/index.php\/wp-json\/wp\/v2\/comments?post=171"}],"version-history":[{"count":2,"href":"https:\/\/petankki.com\/index.php\/wp-json\/wp\/v2\/pages\/171\/revisions"}],"predecessor-version":[{"id":177,"href":"https:\/\/petankki.com\/index.php\/wp-json\/wp\/v2\/pages\/171\/revisions\/177"}],"wp:attachment":[{"href":"https:\/\/petankki.com\/index.php\/wp-json\/wp\/v2\/media?parent=171"}],"curies":[{"name":"wp","href":"https:\/\/api.w.org\/{rel}","templated":true}]}}