{"id":160,"date":"2022-04-29T15:03:19","date_gmt":"2022-04-29T15:03:19","guid":{"rendered":"https:\/\/petankki.com\/?page_id=160"},"modified":"2024-09-12T05:19:48","modified_gmt":"2024-09-12T05:19:48","slug":"valmentajat","status":"publish","type":"page","link":"https:\/\/petankki.com\/index.php\/valmentajat\/","title":{"rendered":"Valmentajat ja valmennusta"},"content":{"rendered":"\n<p>SPK:n kouluttajat (P\u00e4ivi Lehtonen ja Henri Palmqvist) ovat suorittaneet SLU:n valmentajakoulutuksen I-tason ja heid\u00e4t on syksyll\u00e4 2000 Suomen P\u00e9tanque-liitto ry:ss\u00e4 hyv\u00e4ksytty lajiohjaajiksi.&nbsp;<\/p>\n\n\n\n<p>Suomen P\u00e9tanque-liitto on hyv\u00e4ksynyt&nbsp; 2007 Henri Palmqvistin yhteiseurooppalaisen tasoj\u00e4rjestelm\u00e4n mukaiseksi&nbsp; <a rel=\"noreferrer noopener\" href=\"http:\/\/www.petanque.fi\/ovk.html\" target=\"_blank\">p\u00e9tanquevalmentajaksi<\/a>. <\/p>\n\n\n\n<p>Lis\u00e4ksi Henri Palmqvist on suorittanut&nbsp; p\u00e9tanquen kansainv\u00e4lisen kansainv\u00e4lisen liiton FIPJP hyv\u00e4ksym\u00e4n&nbsp; <a href=\"http:\/\/ciep.petanque.free.fr\/\" target=\"_blank\" rel=\"noreferrer noopener\">C.I.E.P:n<\/a>&nbsp; tasokokeen Ranskassa C.I.E.P:n koulutuskeskuksessa.<\/p>\n\n\n\n<p>Koulutus-\/valmennustilaisuuksia seuroille, ryhmille ja yksitt\u00e4isille pelaajille Suomessa ja Virossa on Henri Palmqvist j\u00e4rjest\u00e4nyt&nbsp; vuodesta 1991 l\u00e4htien (ensimm\u00e4isen\u00e4 Virossa Viron lajiliiton pyynn\u00f6st\u00e4)&nbsp;&nbsp; ja&nbsp; SPK:n j\u00e4rjest\u00e4m\u00e4n\u00e4 vuodesta 1994 l\u00e4htien. <\/p>\n\n\n\n<p><\/p>\n\n\n\n<p><\/p>\n\n\n\n<figure class=\"wp-block-image size-large is-resized\"><img loading=\"lazy\" decoding=\"async\" src=\"https:\/\/petankki.com\/wp-content\/uploads\/2022\/04\/Paivi-ja-Henri-ja-mitalit-ver-c-1024x831.png\" alt=\"\" class=\"wp-image-161\" width=\"358\" height=\"290\" srcset=\"https:\/\/petankki.com\/wp-content\/uploads\/2022\/04\/Paivi-ja-Henri-ja-mitalit-ver-c-1024x831.png 1024w, https:\/\/petankki.com\/wp-content\/uploads\/2022\/04\/Paivi-ja-Henri-ja-mitalit-ver-c-300x243.png 300w, https:\/\/petankki.com\/wp-content\/uploads\/2022\/04\/Paivi-ja-Henri-ja-mitalit-ver-c-768x623.png 768w, https:\/\/petankki.com\/wp-content\/uploads\/2022\/04\/Paivi-ja-Henri-ja-mitalit-ver-c.png 1080w\" sizes=\"auto, (max-width: 358px) 100vw, 358px\" \/><\/figure>\n\n\n\n<p><\/p>\n","protected":false},"excerpt":{"rendered":"<p>SPK:n kouluttajat (P\u00e4ivi Lehtonen ja Henri Palmqvist) ovat suorittaneet SLU:n valmentajakoulutuksen I-tason ja heid\u00e4t on syksyll\u00e4 2000 Suomen P\u00e9tanque-liitto ry:ss\u00e4 hyv\u00e4ksytty lajiohjaajiksi.&nbsp; Suomen P\u00e9tanque-liitto on hyv\u00e4ksynyt&nbsp; 2007 Henri Palmqvistin yhteiseurooppalaisen tasoj\u00e4rjestelm\u00e4n mukaiseksi&nbsp; p\u00e9tanquevalmentajaksi. Lis\u00e4ksi Henri Palmqvist on suorittanut&nbsp; p\u00e9tanquen kansainv\u00e4lisen kansainv\u00e4lisen liiton FIPJP hyv\u00e4ksym\u00e4n&nbsp; C.I.E.P:n&nbsp; tasokokeen Ranskassa C.I.E.P:n koulutuskeskuksessa. Koulutus-\/valmennustilaisuuksia seuroille, ryhmille ja yksitt\u00e4isille pelaajille &hellip; <\/p>\n<p class=\"link-more\"><a href=\"https:\/\/petankki.com\/index.php\/valmentajat\/\" class=\"more-link\">Continue reading<span class=\"screen-reader-text\"> &#8220;Valmentajat ja valmennusta&#8221;<\/span><\/a><\/p>\n","protected":false},"author":1,"featured_media":0,"parent":0,"menu_order":0,"comment_status":"closed","ping_status":"closed","template":"","meta":{"footnotes":""},"class_list":["post-160","page","type-page","status-publish","hentry"],"_links":{"self":[{"href":"https:\/\/petankki.com\/index.php\/wp-json\/wp\/v2\/pages\/160","targetHints":{"allow":["GET"]}}],"collection":[{"href":"https:\/\/petankki.com\/index.php\/wp-json\/wp\/v2\/pages"}],"about":[{"href":"https:\/\/petankki.com\/index.php\/wp-json\/wp\/v2\/types\/page"}],"author":[{"embeddable":true,"href":"https:\/\/petankki.com\/index.php\/wp-json\/wp\/v2\/users\/1"}],"replies":[{"embeddable":true,"href":"https:\/\/petankki.com\/index.php\/wp-json\/wp\/v2\/comments?post=160"}],"version-history":[{"count":3,"href":"https:\/\/petankki.com\/index.php\/wp-json\/wp\/v2\/pages\/160\/revisions"}],"predecessor-version":[{"id":234,"href":"https:\/\/petankki.com\/index.php\/wp-json\/wp\/v2\/pages\/160\/revisions\/234"}],"wp:attachment":[{"href":"https:\/\/petankki.com\/index.php\/wp-json\/wp\/v2\/media?parent=160"}],"curies":[{"name":"wp","href":"https:\/\/api.w.org\/{rel}","templated":true}]}}