{"id":16,"date":"2022-04-28T10:02:16","date_gmt":"2022-04-28T10:02:16","guid":{"rendered":"https:\/\/petankki.com\/?page_id=16"},"modified":"2022-04-29T06:45:48","modified_gmt":"2022-04-29T06:45:48","slug":"contact","status":"publish","type":"page","link":"https:\/\/petankki.com\/index.php\/contact\/","title":{"rendered":"Miksi pelata"},"content":{"rendered":"\n<p>Miksi petankkia pit\u00e4\u00e4 pelata?<\/p>\n\n\n\n<p>Kaikkea sit\u00e4 kysyt\u00e4\u00e4nkin. Siksi ett\u00e4<\/p>\n\n\n\n<p>\u2013 Petankin parissa tapaa hyv\u00e4\u00e4 porukkaa.<\/p>\n\n\n\n<p>\u2013 Petankki on sosiaalinen peli jossa keskittyminen on t\u00e4rke\u00e4\u00e4<\/p>\n\n\n\n<p>\u2013 Petankkia voi pelata kuka vain, nuori ja vanha, mies ja nainen, mestari ja noviisi yhdess\u00e4.<\/p>\n\n\n\n<p>\u2013 Petankkia voi pelata melkein miss\u00e4 vain.<\/p>\n\n\n\n<p>\u2013 Petankin pelaaminen ei yleens\u00e4 maksa mit\u00e4\u00e4n, kilpailut ja rahapelit sitten erikseen.<\/p>\n\n\n\n<p>\u2013 Petankki on yleens\u00e4 joukkuepeli, jossa pelikavereiden kannustaminen on sallittua.<\/p>\n\n\n\n<p>\u2013 Petankin peliv\u00e4lineet ovat kohtuullisen edulliset. Kerran hankkimillasi kuulilla voit pelata vaikka lopun ik\u00e4si.<\/p>\n\n\n\n<p>\u2013 Petankin pelaamisen aloittamisen kynnys on matala, s\u00e4\u00e4nn\u00f6t yksinkertaiset ja kuula l\u00e4htee aina k\u00e4dest\u00e4.<\/p>\n\n\n\n<p>\u2013 Petankin pelaamisessa aloittelevan pelaajan ep\u00e4onnistunutkin suoritus saattaa tuoda pelin kannalta onnistuneen lopputuloksen.<\/p>\n\n\n\n<p>\u2013 Petankki tarjoaa harrastajalleen t\u00e4yden skaalan hupia, j\u00e4nnityst\u00e4 ja haasteita; rennosta kes\u00e4m\u00f6kkiheittelyst\u00e4 aina huippu-urheilutasoon, SM- ja MM -kisoihin saakka.<\/p>\n\n\n\n<p>\u2013 Petankkia pelatessa turhat huolet unohtuvat.<\/p>\n\n\n\n<p>\u2013 Petankki on kivaa.<\/p>\n\n\n\n<p>Ellet usko niin kokeile!<\/p>\n","protected":false},"excerpt":{"rendered":"<p>Miksi petankkia pit\u00e4\u00e4 pelata? Kaikkea sit\u00e4 kysyt\u00e4\u00e4nkin. Siksi ett\u00e4 \u2013 Petankin parissa tapaa hyv\u00e4\u00e4 porukkaa. \u2013 Petankki on sosiaalinen peli jossa keskittyminen on t\u00e4rke\u00e4\u00e4 \u2013 Petankkia voi pelata kuka vain, nuori ja vanha, mies ja nainen, mestari ja noviisi yhdess\u00e4. \u2013 Petankkia voi pelata melkein miss\u00e4 vain. \u2013 Petankin pelaaminen ei yleens\u00e4 maksa mit\u00e4\u00e4n, kilpailut &hellip; <\/p>\n<p class=\"link-more\"><a href=\"https:\/\/petankki.com\/index.php\/contact\/\" class=\"more-link\">Continue reading<span class=\"screen-reader-text\"> &#8220;Miksi pelata&#8221;<\/span><\/a><\/p>\n","protected":false},"author":1,"featured_media":0,"parent":0,"menu_order":0,"comment_status":"closed","ping_status":"closed","template":"","meta":{"footnotes":""},"class_list":["post-16","page","type-page","status-publish","hentry"],"_links":{"self":[{"href":"https:\/\/petankki.com\/index.php\/wp-json\/wp\/v2\/pages\/16","targetHints":{"allow":["GET"]}}],"collection":[{"href":"https:\/\/petankki.com\/index.php\/wp-json\/wp\/v2\/pages"}],"about":[{"href":"https:\/\/petankki.com\/index.php\/wp-json\/wp\/v2\/types\/page"}],"author":[{"embeddable":true,"href":"https:\/\/petankki.com\/index.php\/wp-json\/wp\/v2\/users\/1"}],"replies":[{"embeddable":true,"href":"https:\/\/petankki.com\/index.php\/wp-json\/wp\/v2\/comments?post=16"}],"version-history":[{"count":5,"href":"https:\/\/petankki.com\/index.php\/wp-json\/wp\/v2\/pages\/16\/revisions"}],"predecessor-version":[{"id":155,"href":"https:\/\/petankki.com\/index.php\/wp-json\/wp\/v2\/pages\/16\/revisions\/155"}],"wp:attachment":[{"href":"https:\/\/petankki.com\/index.php\/wp-json\/wp\/v2\/media?parent=16"}],"curies":[{"name":"wp","href":"https:\/\/api.w.org\/{rel}","templated":true}]}}