{"id":141,"date":"2022-04-28T20:04:15","date_gmt":"2022-04-28T20:04:15","guid":{"rendered":"https:\/\/petankki.com\/?page_id=141"},"modified":"2022-04-29T06:34:02","modified_gmt":"2022-04-29T06:34:02","slug":"kuulien-eroista","status":"publish","type":"page","link":"https:\/\/petankki.com\/index.php\/kuulien-eroista\/","title":{"rendered":"Kuulien eroista"},"content":{"rendered":"\n<p>Vapaa-ajan kuulien ja FIPJP:n hyv\u00e4ksymien ns. virallisten kuulien eroista.<\/p>\n\n\n\n<p><strong><u>Vapaa-ajan kuulat:<\/u><\/strong><\/p>\n\n\n\n<p>Markkinoilla on useiden eri kuulavalmistajien tekemi\u00e4 vapaa-ajankuulia. Asiakkaalle kaikki n\u00e4ytt\u00e4v\u00e4t samalta: py\u00f6reilt\u00e4 ter\u00e4ksisilt\u00e4 kappaleita. Sarjaan kuuluu useimmiten nailonkassissa tai puulaatikossa myyt\u00e4v\u00e4t kuusi kuulaa. My\u00f6s kolmen kuulan pakkauksia on markkinoilla.\u00a0 Erot eri kuulien v\u00e4lill\u00e4 muodostuvat tekotavasta ja k\u00e4ytetyist\u00e4 materiaaleista.<\/p>\n\n\n\n<p><strong>Ranska ( OBUT )<\/strong><\/p>\n\n\n\n<p>Ranskalaisen kuulatehtaan<strong> OBUT:in, <\/strong>virallisen kuulavalmistajan, valmistamat\u00a0 vapaa-ajan kuulat on tehty samalla menetelm\u00e4ll\u00e4 kuin virallisetkin kuulat. Ne ovat onttoja ja ne on tehty ruostumattomasta ter\u00e4ksest\u00e4.<\/p>\n\n\n\n<p><strong>Kaukoit\u00e4<\/strong><\/p>\n\n\n\n<p><strong>Kaukoid\u00e4ss\u00e4<\/strong> valmistettujen, merkitt\u00f6mien kuulien painot vaihtelevat (ero sarjan sis\u00e4ll\u00e4 saattaa olla jopa 200gr) sek\u00e4 pintakromaus saattaa olla helposti s\u00e4rkyv\u00e4\u00e4. Kuulat saattavat painon saavuttamiseksi sis\u00e4lt\u00e4\u00e4 vett\u00e4, hiekkaa tai muuta t\u00e4ytemateriaalia, joten ne k\u00e4ytt\u00e4ytyv\u00e4t eri tavalla kuin sis\u00e4lt\u00e4 ontot kuulat ja ovat osittain ep\u00e4tasapainoisia.<\/p>\n\n\n\n<p>Useiden halpakuulien metallivaippa on n. 3mm vahvuinen kun se virallisissa kuulissa on l\u00e4hes 8-9mm. My\u00f6s kest\u00e4vyydess\u00e4 ja muodon s\u00e4ilytt\u00e4misess\u00e4 on suuria eroja eik\u00e4 n\u00e4ihin vapaa-ajankuuliin&nbsp; yleens\u00e4 my\u00f6nnet\u00e4 takuita.<\/p>\n\n\n\n<p>T\u00e4llaiset kuulat k\u00e4ytt\u00e4ytyv\u00e4t satunnaisesti verrattuna kansainv\u00e4lisen liiton hyv\u00e4ksymiin kuuliin.<\/p>\n\n\n\n<p><strong><u>Viralliset kuulat:<\/u><\/strong><\/p>\n\n\n\n<p>Kansainv\u00e4linen liitto FIPJP (Federation International de P\u00e9tanque et de Jeu Provencal) on my\u00f6nt\u00e4nyt vain tietyille kuulavalmistajille ja tietyille kuulatyypeille hyv\u00e4ksynt\u00e4ns\u00e4 virallisiksi kuuliksi. Hyv\u00e4ksynt\u00e4 on\u00a0 merkitty pakkaukseen kansainv\u00e4lisen liiton hyv\u00e4ksynt\u00e4merkill\u00e4.\u00a0Lista kansainv\u00e4lisen liiton hyv\u00e4ksymist\u00e4 kuulista l\u00f6ytyy kv.liiton FIPJP:n internet-sivuilta. N\u00e4iden kuulien valmistajien on k\u00e4ytett\u00e4v\u00e4 hyv\u00e4ksyttyj\u00e4 valmistus- ja laaduntarkistusmenetelmi\u00e4. S\u00e4\u00e4nn\u00f6t m\u00e4\u00e4rittelev\u00e4t virallisten kuulien\u00a0 painorajoiksi 650-800g\u00a0 sek\u00e4 halkaisijarajoiksi 70,5-80 mm. Samoin kuulille on annettu pintakovuusrajat, joissa valmistukseen k\u00e4ytetyn materiaalin kovuus saa vaihdella.\u00a0<\/p>\n\n\n\n<p>Virallisten kuulien tuotannossa ja valmistustekniikassa kiinnitet\u00e4\u00e4n huomiota erityisesti niiden tasapainoisuuteen, oikeaan painoon ja halkaisijaan, sek\u00e4 metalliseoksen laatuun ja tasalaatuisuuteen.<\/p>\n\n\n\n<p>Virallisia kuulia valmistetaan eri metalliseoksista. Materiaali ja materiaalin ominaisuudet vaikuttavat mm. heitt\u00e4j\u00e4n k\u00e4den tuntumaan kuulaan: liukkauteen tai\u00a0 pitoon. Erityisesti materiaalin ruostuvuus tai\u00a0 ruostumattomuus vaikuttaa tuntumaan.<\/p>\n\n\n\n<p>Virallisia kuulia saa&nbsp; erilaisin raidoituksin varustettuna sek\u00e4 kovuusasteeltaan erilaisina. Kuulat myyd\u00e4\u00e4n kolmen kesken\u00e4\u00e4n samanlaisen kuulan sarjoina. Kullakin kuulasarjalla on oma, yksil\u00f6llinen rekisterinumeronsa. Kuuliin on my\u00f6s kaiverrettu valmistajan nimi, kuulan merkki sek\u00e4 paino.<\/p>\n\n\n\n<p>Kuulan hintaan&nbsp; vaikuttaa huolellinen tekotapa ja ennen kaikkea kuulan valmistusmateriaali. Viralliset kuulat ovat kest\u00e4vi\u00e4&nbsp; ja niille annetaan&nbsp; yleens\u00e4  tehdastakuu.<\/p>\n\n\n\n<p>Muutamat viralliset kuulavalmistajat tekev\u00e4t hyv\u00e4ksyttyjen kilpailukuulien lis\u00e4ksi ns. vapaa-ajankuulia.\u00a0 N\u00e4m\u00e4 poikkeavat muista vapaa-ajankuulista siin\u00e4, ett\u00e4 ne tehd\u00e4\u00e4n samalla valmistusprosessilla kuin hyv\u00e4ksytyt pelikuulat. Ainoa poikkeus on kuulien materiaali, joka ei t\u00e4yt\u00e4 kansainv\u00e4lisen liiton viralliselle kuulalle asettamia vaatimuksia.<\/p>\n\n\n\n<p>Snadista saatavilla my\u00f6s kest\u00e4vi\u00e4 oikealla menetelm\u00e4ll\u00e4 tehtyj\u00e4 OBUT:n valmistamia vapaa-ajan kuulia.<\/p>\n","protected":false},"excerpt":{"rendered":"<p>Vapaa-ajan kuulien ja FIPJP:n hyv\u00e4ksymien ns. virallisten kuulien eroista. Vapaa-ajan kuulat: Markkinoilla on useiden eri kuulavalmistajien tekemi\u00e4 vapaa-ajankuulia. Asiakkaalle kaikki n\u00e4ytt\u00e4v\u00e4t samalta: py\u00f6reilt\u00e4 ter\u00e4ksisilt\u00e4 kappaleita. Sarjaan kuuluu useimmiten nailonkassissa tai puulaatikossa myyt\u00e4v\u00e4t kuusi kuulaa. My\u00f6s kolmen kuulan pakkauksia on markkinoilla.\u00a0 Erot eri kuulien v\u00e4lill\u00e4 muodostuvat tekotavasta ja k\u00e4ytetyist\u00e4 materiaaleista. Ranska ( OBUT ) Ranskalaisen kuulatehtaan &hellip; <\/p>\n<p class=\"link-more\"><a href=\"https:\/\/petankki.com\/index.php\/kuulien-eroista\/\" class=\"more-link\">Continue reading<span class=\"screen-reader-text\"> &#8220;Kuulien eroista&#8221;<\/span><\/a><\/p>\n","protected":false},"author":1,"featured_media":0,"parent":0,"menu_order":0,"comment_status":"closed","ping_status":"closed","template":"","meta":{"footnotes":""},"class_list":["post-141","page","type-page","status-publish","hentry"],"_links":{"self":[{"href":"https:\/\/petankki.com\/index.php\/wp-json\/wp\/v2\/pages\/141","targetHints":{"allow":["GET"]}}],"collection":[{"href":"https:\/\/petankki.com\/index.php\/wp-json\/wp\/v2\/pages"}],"about":[{"href":"https:\/\/petankki.com\/index.php\/wp-json\/wp\/v2\/types\/page"}],"author":[{"embeddable":true,"href":"https:\/\/petankki.com\/index.php\/wp-json\/wp\/v2\/users\/1"}],"replies":[{"embeddable":true,"href":"https:\/\/petankki.com\/index.php\/wp-json\/wp\/v2\/comments?post=141"}],"version-history":[{"count":5,"href":"https:\/\/petankki.com\/index.php\/wp-json\/wp\/v2\/pages\/141\/revisions"}],"predecessor-version":[{"id":153,"href":"https:\/\/petankki.com\/index.php\/wp-json\/wp\/v2\/pages\/141\/revisions\/153"}],"wp:attachment":[{"href":"https:\/\/petankki.com\/index.php\/wp-json\/wp\/v2\/media?parent=141"}],"curies":[{"name":"wp","href":"https:\/\/api.w.org\/{rel}","templated":true}]}}