{"id":14,"date":"2022-04-28T16:06:08","date_gmt":"2022-04-28T16:06:08","guid":{"rendered":"https:\/\/petankki.com\/?page_id=14"},"modified":"2025-02-12T17:22:54","modified_gmt":"2025-02-12T17:22:54","slug":"home","status":"publish","type":"page","link":"https:\/\/petankki.com\/","title":{"rendered":"SPK \/ Snadi, yhteystiedot, kuulahinnasto"},"content":{"rendered":"\n<p>P\u00e9tanquen peliv\u00e4linemyynti Snadin ja P\u00e9tanqueklinikka SPK:n (Suomen P\u00e9tanque-Koulun)  sivut.<\/p>\n\n\n\n<p>Ajankohtaista tietoa l\u00f6ytyy Facebook sivuiltamme: <a href=\"https:\/\/www.facebook.com\/PetanqueSport-Snadi-765817576877559\" target=\"_blank\" rel=\"noreferrer noopener\">PetanqueSport &#8211; Snadi <\/a><\/p>\n\n\n\n<p><\/p>\n\n\n\n<p>TERVETULOA<\/p>\n\n\n\n<p>S\u00e4hk\u00f6posti:   info at snadi.com   tai    info at petankki.com<\/p>\n\n\n\n<p>Osoite: Oulunkyl\u00e4ntie 16 ja Askolantie 17 kulmatalo, 00600 Helsinki<\/p>\n\n\n\n<p>Puhelin: 0400967467<\/p>\n\n\n\n<p><\/p>\n\n\n\n<p><strong>KUULAHINNASTO<\/strong> 2025 <\/p>\n\n\n\n<figure class=\"wp-block-image size-large\"><img loading=\"lazy\" decoding=\"async\" width=\"1024\" height=\"724\" src=\"https:\/\/petankki.com\/wp-content\/uploads\/2025\/02\/Hinnasto-2025-1024x724.jpg\" alt=\"\" class=\"wp-image-263\" srcset=\"https:\/\/petankki.com\/wp-content\/uploads\/2025\/02\/Hinnasto-2025-1024x724.jpg 1024w, https:\/\/petankki.com\/wp-content\/uploads\/2025\/02\/Hinnasto-2025-300x212.jpg 300w, https:\/\/petankki.com\/wp-content\/uploads\/2025\/02\/Hinnasto-2025-768x543.jpg 768w, https:\/\/petankki.com\/wp-content\/uploads\/2025\/02\/Hinnasto-2025-1536x1086.jpg 1536w, https:\/\/petankki.com\/wp-content\/uploads\/2025\/02\/Hinnasto-2025.jpg 1754w\" sizes=\"auto, (max-width: 767px) 89vw, (max-width: 1000px) 54vw, (max-width: 1071px) 543px, 580px\" \/><\/figure>\n","protected":false},"excerpt":{"rendered":"<p>P\u00e9tanquen peliv\u00e4linemyynti Snadin ja P\u00e9tanqueklinikka SPK:n (Suomen P\u00e9tanque-Koulun) sivut. Ajankohtaista tietoa l\u00f6ytyy Facebook sivuiltamme: PetanqueSport &#8211; Snadi TERVETULOA S\u00e4hk\u00f6posti: info at snadi.com tai info at petankki.com Osoite: Oulunkyl\u00e4ntie 16 ja Askolantie 17 kulmatalo, 00600 Helsinki Puhelin: 0400967467 KUULAHINNASTO 2025<\/p>\n","protected":false},"author":1,"featured_media":0,"parent":0,"menu_order":0,"comment_status":"closed","ping_status":"closed","template":"","meta":{"footnotes":""},"class_list":["post-14","page","type-page","status-publish","hentry"],"_links":{"self":[{"href":"https:\/\/petankki.com\/index.php\/wp-json\/wp\/v2\/pages\/14","targetHints":{"allow":["GET"]}}],"collection":[{"href":"https:\/\/petankki.com\/index.php\/wp-json\/wp\/v2\/pages"}],"about":[{"href":"https:\/\/petankki.com\/index.php\/wp-json\/wp\/v2\/types\/page"}],"author":[{"embeddable":true,"href":"https:\/\/petankki.com\/index.php\/wp-json\/wp\/v2\/users\/1"}],"replies":[{"embeddable":true,"href":"https:\/\/petankki.com\/index.php\/wp-json\/wp\/v2\/comments?post=14"}],"version-history":[{"count":24,"href":"https:\/\/petankki.com\/index.php\/wp-json\/wp\/v2\/pages\/14\/revisions"}],"predecessor-version":[{"id":265,"href":"https:\/\/petankki.com\/index.php\/wp-json\/wp\/v2\/pages\/14\/revisions\/265"}],"wp:attachment":[{"href":"https:\/\/petankki.com\/index.php\/wp-json\/wp\/v2\/media?parent=14"}],"curies":[{"name":"wp","href":"https:\/\/api.w.org\/{rel}","templated":true}]}}